{"id":1456,"date":"2011-03-07T19:59:51","date_gmt":"2011-03-07T18:59:51","guid":{"rendered":"http:\/\/www.lehayim.ch\/?page_id=1456"},"modified":"2018-02-26T15:34:09","modified_gmt":"2018-02-26T14:34:09","slug":"ou-gouter-nos-vins","status":"publish","type":"page","link":"https:\/\/www.lehayim.ch\/?page_id=1456","title":{"rendered":"O\u00f9 Go\u00fbter nos vins?"},"content":{"rendered":"<h3 style=\"text-align: left;\"><em><strong>Adresses o\u00f9 vous pouvez go\u00fbter nos vins ou les acheter \u00e0 l&rsquo;unit\u00e9.<\/strong><\/em><\/h3>\n<h1 style=\"text-align: left;\"><strong><span style=\"color: #993300;\">Gen\u00e8ve<\/span><\/strong><\/h1>\n<p><strong>* <span style=\"text-decoration: underline;\">MANOR Magasin<\/span>&nbsp; &nbsp; &nbsp; &nbsp; &nbsp; &nbsp; &nbsp; &nbsp; &nbsp; &nbsp; &nbsp; &nbsp; &nbsp; &nbsp; &nbsp; &nbsp; &nbsp; &nbsp; &nbsp; &nbsp; &nbsp; &nbsp; &nbsp; &nbsp; &nbsp; &nbsp; &nbsp; &nbsp; &nbsp; &nbsp; &nbsp; &nbsp; &nbsp; &nbsp; &nbsp; &nbsp; &nbsp; &nbsp; &nbsp; &nbsp; &nbsp; &nbsp; &nbsp; &nbsp; &nbsp; &nbsp; &nbsp; &nbsp; &nbsp; &nbsp; &nbsp; &nbsp; &nbsp; &nbsp; &nbsp; &nbsp; &nbsp; &nbsp; &nbsp; &nbsp; &nbsp; &nbsp; &nbsp; &nbsp;&nbsp;<\/strong>Place de Grenus&nbsp;&#8211; Gen\u00e8ve<\/p>\n<p><a href=\"https:\/\/www.lehayim.ch\/wp-content\/uploads\/2011\/03\/Capture-d\u2019\u00e9cran-2017-11-02-\u00e0-14.44.52.png\"><img loading=\"lazy\" decoding=\"async\" class=\"alignleft size-thumbnail wp-image-5048\" src=\"https:\/\/www.lehayim.ch\/wp-content\/uploads\/2011\/03\/Capture-d\u2019\u00e9cran-2017-11-02-\u00e0-14.44.52-150x150.png\" alt=\"\" width=\"150\" height=\"150\"><\/a><\/p>\n<p>&nbsp;<\/p>\n<p>&nbsp;<\/p>\n<p>&nbsp;<\/p>\n<p>&nbsp;<\/p>\n<p><strong>* <span style=\"text-decoration: underline;\">La Shoperie<\/span><\/strong>&nbsp; &nbsp; &nbsp; &nbsp; &nbsp; &nbsp; &nbsp; &nbsp; &nbsp; &nbsp; &nbsp; &nbsp; &nbsp; &nbsp; &nbsp; &nbsp; &nbsp; &nbsp; &nbsp; &nbsp; &nbsp; &nbsp; &nbsp; &nbsp; &nbsp; &nbsp; &nbsp; &nbsp; &nbsp; &nbsp; &nbsp; &nbsp; &nbsp; &nbsp; &nbsp; &nbsp; &nbsp; &nbsp; &nbsp; &nbsp; &nbsp; &nbsp; &nbsp; &nbsp; &nbsp; &nbsp; &nbsp; &nbsp; &nbsp; &nbsp; &nbsp; &nbsp; &nbsp; &nbsp; &nbsp; &nbsp; &nbsp; &nbsp; &nbsp; &nbsp; &nbsp; &nbsp; &nbsp; &nbsp;&nbsp;Route de Malagnou, 27 &#8211; 1206 Gen\u00e8ve<\/p>\n<p><a href=\"https:\/\/www.lehayim.ch\/wp-content\/uploads\/2011\/03\/Capture-d\u2019\u00e9cran-2017-11-02-\u00e0-14.41.55.png\"><img loading=\"lazy\" decoding=\"async\" class=\"alignleft size-thumbnail wp-image-5046\" src=\"https:\/\/www.lehayim.ch\/wp-content\/uploads\/2011\/03\/Capture-d\u2019\u00e9cran-2017-11-02-\u00e0-14.41.55-150x150.png\" alt=\"\" width=\"150\" height=\"150\"><\/a><\/p>\n<p>&nbsp;<\/p>\n<p>&nbsp;<\/p>\n<p>&nbsp;<\/p>\n<p>&nbsp;<\/p>\n<p><strong>* <span style=\"text-decoration: underline;\">Epicerie Nice<\/span><\/strong>&nbsp;&nbsp; &nbsp; &nbsp; &nbsp; &nbsp; &nbsp; &nbsp; &nbsp; &nbsp; &nbsp; &nbsp; &nbsp; &nbsp; &nbsp; &nbsp; &nbsp; &nbsp; &nbsp; &nbsp; &nbsp; &nbsp; &nbsp; &nbsp; &nbsp;&nbsp; &nbsp; &nbsp; &nbsp; &nbsp; &nbsp; &nbsp; &nbsp; &nbsp; &nbsp; &nbsp; &nbsp; &nbsp; &nbsp; &nbsp; &nbsp; &nbsp; &nbsp; &nbsp; &nbsp; &nbsp; &nbsp; &nbsp; &nbsp; &nbsp; &nbsp; &nbsp; &nbsp; &nbsp; &nbsp; &nbsp; &nbsp; &nbsp; &nbsp; &nbsp; &nbsp; &nbsp; &nbsp; Route de Florissant 78 &#8211; 1206 Gen\u00e8ve &#8211; Tel: 022 700 18 10<\/p>\n<p><a href=\"https:\/\/www.lehayim.ch\/wp-content\/uploads\/2011\/03\/Capture-d\u2019\u00e9cran-2017-11-02-\u00e0-14.43.42.png\"><img loading=\"lazy\" decoding=\"async\" class=\"alignleft size-thumbnail wp-image-5047\" src=\"https:\/\/www.lehayim.ch\/wp-content\/uploads\/2011\/03\/Capture-d\u2019\u00e9cran-2017-11-02-\u00e0-14.43.42-150x150.png\" alt=\"\" width=\"150\" height=\"150\"><\/a><\/p>\n<p>&nbsp;<\/p>\n<p>&nbsp;<\/p>\n<p>&nbsp;<\/p>\n<p>&nbsp;<\/p>\n<p><strong>* <span style=\"text-decoration: underline;\">Epicerie de Contamines<\/span><\/strong>&nbsp; &nbsp; &nbsp; &nbsp; &nbsp; &nbsp; &nbsp; &nbsp; &nbsp; &nbsp; &nbsp; &nbsp; &nbsp; &nbsp; &nbsp; &nbsp; &nbsp; &nbsp; &nbsp; &nbsp; &nbsp; &nbsp; &nbsp; &nbsp; &nbsp; &nbsp; &nbsp; &nbsp; &nbsp; &nbsp; &nbsp; &nbsp; &nbsp; &nbsp; &nbsp; &nbsp; &nbsp; &nbsp; &nbsp; &nbsp; &nbsp; &nbsp; &nbsp; &nbsp; &nbsp; &nbsp; &nbsp; &nbsp; &nbsp; &nbsp; &nbsp; &nbsp; &nbsp; &nbsp; &nbsp; &nbsp; &nbsp; &nbsp; &nbsp; &nbsp;Rue de Contamines 25, 1206 Gen\u00e8ve &#8211; Tel : +41 (0) 22 347 58 61<\/p>\n<div class=\"mod\" data-md=\"1005\" data-hveid=\"132\" data-ved=\"0ahUKEwjBvLCs08rYAhUIOhQKHRVvD7AQkCkIhAEoAzAR\">\n<div class=\"_eFb\">\n<div class=\"kno-fb-ctx _mr\" data-dtype=\"d3oh\">\n<div class=\"r-ix0RlhcWiVFY\">&nbsp;<a href=\"https:\/\/www.lehayim.ch\/wp-content\/uploads\/2018\/01\/Capture-d\u2019\u00e9cran-2018-01-09-\u00e0-11.18.37.png\"><img loading=\"lazy\" decoding=\"async\" class=\"alignleft size-thumbnail wp-image-5172\" src=\"https:\/\/www.lehayim.ch\/wp-content\/uploads\/2018\/01\/Capture-d\u2019\u00e9cran-2018-01-09-\u00e0-11.18.37-150x150.png\" alt=\"\" width=\"150\" height=\"150\"><\/a><\/div>\n<\/div>\n<\/div>\n<\/div>\n<p>&nbsp;<\/p>\n<p>&nbsp;<\/p>\n<p>&nbsp;<\/p>\n<p><strong>* <\/strong><span style=\"text-decoration: underline;\"><strong>Restaurant&nbsp; Les Philosophes<\/strong><\/span>&nbsp; Brasserie, d\u00e9jeuners d&rsquo;affaires. &nbsp; &nbsp; &nbsp; &nbsp; &nbsp; &nbsp; &nbsp; &nbsp; &nbsp; &nbsp; &nbsp; &nbsp; &nbsp; &nbsp; &nbsp; &nbsp; &nbsp; &nbsp; &nbsp; &nbsp; &nbsp; &nbsp; &nbsp; &nbsp; &nbsp; Rue Pr\u00e9vost-Martin 5, 1205 Gen\u00e8ve &#8211; Tel: +41 (0) 22 320 54 77<\/p>\n<p><a href=\"https:\/\/www.lehayim.ch\/wp-content\/uploads\/2018\/02\/Capture-d\u2019\u00e9cran-2018-02-26-\u00e0-15.28.04.png\"><img loading=\"lazy\" decoding=\"async\" class=\"alignleft size-thumbnail wp-image-5196\" src=\"https:\/\/www.lehayim.ch\/wp-content\/uploads\/2018\/02\/Capture-d\u2019\u00e9cran-2018-02-26-\u00e0-15.28.04-150x150.png\" alt=\"\" width=\"150\" height=\"150\"><\/a><\/p>\n<div class=\"mod\" data-md=\"1002\" data-hveid=\"208\" data-ved=\"0ahUKEwjDiLuR5MPZAhUMCuwKHRJ3DBMQkCkI0AEoAjAP\">\n<div class=\"_eFb\">\n<div data-dtype=\"d3adr\" data-local-attribute=\"d3adr\" data-ved=\"0ahUKEwjDiLuR5MPZAhUMCuwKHRJ3DBMQghwI0QEoADAP\">&nbsp;<\/div>\n<\/div>\n<\/div>\n<p>&nbsp;<\/p>\n<p>&nbsp;<\/p>\n<p>&nbsp;<\/p>\n<p><strong>* <\/strong><span style=\"text-decoration: underline;\"><strong>Restaurant&nbsp; Ketori<\/strong> <\/span>Cuisine japonaise &amp; Sushis&nbsp; (Kosher). &nbsp;&nbsp; &nbsp; &nbsp; &nbsp; &nbsp; &nbsp; &nbsp; &nbsp; &nbsp; &nbsp; &nbsp; &nbsp; &nbsp; &nbsp;&nbsp; &nbsp;&nbsp; &nbsp; &nbsp; &nbsp; &nbsp; &nbsp; &nbsp; &nbsp; &nbsp;&nbsp; Avenue Krieg, 5 &#8211; 1208 Gen\u00e8ve &#8211; Tel: +41 (0) 22 700 31 55&nbsp;&nbsp;&nbsp;&nbsp;&nbsp;&nbsp;&nbsp;<\/p>\n<p><a href=\"https:\/\/www.lehayim.ch\/wp-content\/uploads\/2011\/03\/sushi.jpg\"><img loading=\"lazy\" decoding=\"async\" class=\"alignleft size-thumbnail wp-image-2043\" title=\"sushi\" src=\"https:\/\/www.lehayim.ch\/wp-content\/uploads\/2011\/03\/sushi-150x150.jpg\" alt=\"\" width=\"150\" height=\"150\"><\/a><\/p>\n<p>&nbsp;<\/p>\n<p style=\"text-align: left;\">&nbsp;<\/p>\n<p style=\"text-align: left;\">&nbsp;<\/p>\n<p style=\"text-align: left;\">&nbsp;<\/p>\n<p><strong>* <\/strong><span style=\"text-decoration: underline;\"><strong>Fusion des Sens<\/strong><\/span> Catering cuisine &amp; design. &nbsp; &nbsp; &nbsp; &nbsp; &nbsp; &nbsp; &nbsp; &nbsp; &nbsp; &nbsp; &nbsp; &nbsp; &nbsp; &nbsp; &nbsp; &nbsp; &nbsp; &nbsp; &nbsp; &nbsp; &nbsp; &nbsp; &nbsp; &nbsp; &nbsp; &nbsp; &nbsp; &nbsp; &nbsp; &nbsp; &nbsp; &nbsp; &nbsp; &nbsp; &nbsp; &nbsp; &nbsp; 4, Chemin de la Bride&nbsp;&#8211; 1224 Ch\u00eane-Bougeries &#8211; Tel: +41 (0)22 348 08 08 &#8211; &nbsp;<a href=\"http:\/\/www.fusiondessens.com\" target=\"_blank\" rel=\"noopener noreferrer\">http:\/\/www.fusiondessens.com<\/a><\/p>\n<p><a href=\"https:\/\/www.lehayim.ch\/wp-content\/uploads\/2011\/03\/IMG_8766.jpg\"><img loading=\"lazy\" decoding=\"async\" class=\"alignleft size-thumbnail wp-image-3785\" title=\"IMG_8766\" src=\"https:\/\/www.lehayim.ch\/wp-content\/uploads\/2011\/03\/IMG_8766-150x150.jpg\" alt=\"\" width=\"150\" height=\"150\"><\/a><\/p>\n<p style=\"text-align: left;\">&nbsp;<\/p>\n<p style=\"text-align: left;\">&nbsp;<\/p>\n<p style=\"text-align: left;\">&nbsp;<\/p>\n<p style=\"text-align: left;\">&nbsp;<\/p>\n<p style=\"text-align: left;\"><strong>* <\/strong><span style=\"text-decoration: underline;\"><strong>Restaurant&nbsp; Les Marronniers<\/strong><\/span> Cuisine&nbsp; fran\u00e7aise (Kosher). &nbsp;&nbsp; &nbsp; &nbsp; &nbsp; &nbsp; &nbsp; &nbsp; &nbsp; &nbsp; &nbsp; &nbsp; &nbsp; &nbsp;&nbsp; &nbsp; &nbsp; &nbsp; &nbsp; &nbsp; &nbsp; &nbsp; &nbsp;&nbsp; 9, Chemin de la Bessonnette &#8211; 1224 Ch\u00eane-Bougeries &#8211; Tel: +41 (0) 22 344 87 60 <a href=\"http:\/\/www.marronniers.ch\/\" target=\"_blank\" rel=\"noopener noreferrer\">http:\/\/www.marronniers.ch<\/a><\/p>\n<p style=\"text-align: left;\"><a href=\"https:\/\/www.lehayim.ch\/wp-content\/uploads\/2011\/03\/logomarronniers_P.jpg\"><img loading=\"lazy\" decoding=\"async\" class=\"alignleft size-thumbnail wp-image-2008\" title=\"logomarronniers_P\" src=\"https:\/\/www.lehayim.ch\/wp-content\/uploads\/2011\/03\/logomarronniers_P-150x150.jpg\" alt=\"\" width=\"150\" height=\"150\"><\/a><\/p>\n<p style=\"text-align: left;\">&nbsp;<\/p>\n<p style=\"text-align: left;\">&nbsp;<\/p>\n<p style=\"text-align: left;\">&nbsp;<\/p>\n<p style=\"text-align: left;\">&nbsp;<\/p>\n<p style=\"text-align: left;\"><strong>* <\/strong><span style=\"text-decoration: underline;\"><strong>Restaurant Le Jardin<\/strong><\/span> Cuisine&nbsp; fran\u00e7aise &amp; Orientale (Kosher).&nbsp;&nbsp;&nbsp;&nbsp;&nbsp;&nbsp;&nbsp;&nbsp;&nbsp;&nbsp;&nbsp;&nbsp;&nbsp;&nbsp;&nbsp;&nbsp;&nbsp;&nbsp;&nbsp;&nbsp;&nbsp;&nbsp;&nbsp;&nbsp;&nbsp;&nbsp;&nbsp;&nbsp;&nbsp;&nbsp;&nbsp;&nbsp;&nbsp; &nbsp; &nbsp;&nbsp;&nbsp; 21, Avenue Dumas &#8211; 1206 Gen\u00e8ve &#8211; Tel: 022 317 89 10&nbsp;&nbsp;&nbsp;&nbsp;&nbsp;&nbsp;&nbsp;&nbsp;&nbsp;&nbsp;&nbsp;&nbsp;&nbsp;&nbsp;&nbsp;&nbsp;&nbsp;&nbsp;&nbsp;&nbsp;&nbsp;&nbsp;&nbsp;&nbsp; <a href=\"http:\/\/www.comisra.ch\/fr\/services\/restaurants\/jardin.php\" target=\"_blank\" rel=\"noopener noreferrer\">http:\/\/www.comisra.ch\/fr\/services\/restaurants\/jardin.php<\/a><\/p>\n<p><a href=\"https:\/\/www.lehayim.ch\/wp-content\/uploads\/2011\/03\/LeJardin1.jpg\"><img loading=\"lazy\" decoding=\"async\" class=\"alignleft size-thumbnail wp-image-2586\" title=\"LeJardin\" src=\"https:\/\/www.lehayim.ch\/wp-content\/uploads\/2011\/03\/LeJardin1-150x150.jpg\" alt=\"\" width=\"150\" height=\"150\"><\/a><\/p>\n<p>&nbsp;<\/p>\n<p>&nbsp;<\/p>\n<p>&nbsp;<\/p>\n<p>&nbsp;<\/p>\n<p><strong>* <\/strong><span style=\"text-decoration: underline;\"><strong>Auberge d&rsquo;Onex <\/strong><\/span> Cuisine gastronomique Italienne.<br \/>\n18 Route de Loex &#8211; 1213 Onex &#8211; Tel: +41 (0) 22 792 32 59<\/p>\n<p><a href=\"https:\/\/www.lehayim.ch\/wp-content\/uploads\/2011\/03\/aubergedonex.jpg\"><img loading=\"lazy\" decoding=\"async\" title=\"aubergedonex\" src=\"https:\/\/www.lehayim.ch\/wp-content\/uploads\/2011\/03\/aubergedonex-150x150.jpg\" alt=\"\" width=\"150\" height=\"150\"><\/a><\/p>\n<p style=\"text-align: left;\"><strong>* <\/strong><span style=\"text-decoration: underline;\"><strong>Dario&rsquo;s Restaurant <\/strong><\/span> Cuisine gastronomique sicilienne. &nbsp;&nbsp; &nbsp; &nbsp; &nbsp; &nbsp; &nbsp; &nbsp; &nbsp; &nbsp; &nbsp; &nbsp; &nbsp; &nbsp;&nbsp; &nbsp; &nbsp; &nbsp; &nbsp; &nbsp; &nbsp; &nbsp; &nbsp; &nbsp; &nbsp; &nbsp; &nbsp; &nbsp; &nbsp; &nbsp;&nbsp; Rue de Montchoisy, 4 &#8211; 1207 Gen\u00e8ve &#8211; Tel. +41 (0)22 700 75 07 &nbsp;&nbsp;&nbsp;&nbsp;&nbsp;&nbsp;&nbsp;&nbsp;&nbsp; <a href=\"http:\/\/www.darios.ch\/\" target=\"_blank\" rel=\"noopener noreferrer\">http:\/\/www.darios.ch<\/a><\/p>\n<p style=\"text-align: left;\"><a href=\"https:\/\/www.lehayim.ch\/wp-content\/uploads\/2011\/03\/darios.jpg\"><img loading=\"lazy\" decoding=\"async\" class=\"alignleft size-thumbnail wp-image-2065\" title=\"darios\" src=\"https:\/\/www.lehayim.ch\/wp-content\/uploads\/2011\/03\/darios-150x150.jpg\" alt=\"\" width=\"150\" height=\"150\"><\/a><\/p>\n<p style=\"text-align: left;\">&nbsp;<\/p>\n<p style=\"text-align: left;\">&nbsp;<\/p>\n<p style=\"text-align: left;\">&nbsp;<\/p>\n<p style=\"text-align: left;\">&nbsp;<\/p>\n<p style=\"text-align: left;\"><strong>* <\/strong><span style=\"text-decoration: underline;\"><strong>Hotel Pr\u00e9sident Wilson<\/strong><\/span> Cuisine gastronomique &amp; Banquets.<br \/>\n47 quai wilson &#8211; 1211 Gen\u00e8ve &#8211; Tel: +41 (0) 22 906 66 &nbsp; &nbsp; &nbsp; &nbsp; &nbsp; &nbsp;<span style=\"text-decoration: underline;\"><a href=\"http:\/\/www.hotelpwilson.com\" target=\"_blank\" rel=\"noopener noreferrer\">http:\/\/www.hotelpwilson.com<\/a><\/span><\/p>\n<p style=\"text-align: left;\"><a href=\"https:\/\/www.lehayim.ch\/wp-content\/uploads\/2011\/03\/wilson.jpg\"><img loading=\"lazy\" decoding=\"async\" class=\"alignleft size-thumbnail wp-image-3121\" title=\"wilson\" src=\"https:\/\/www.lehayim.ch\/wp-content\/uploads\/2011\/03\/wilson-150x150.jpg\" alt=\"\" width=\"150\" height=\"150\"><\/a><\/p>\n<p style=\"text-align: left;\">&nbsp;<\/p>\n<p style=\"text-align: left;\">&nbsp;<\/p>\n<p style=\"text-align: left;\">&nbsp;<\/p>\n<p>&nbsp;<\/p>\n<p><strong>* <span style=\"text-decoration: underline;\">Four Seasons, Hotel des Bergues<\/span><\/strong> Cuisine gastronomique &amp; Banquets.<br \/>\nQuai des Bergues 33 &#8211; 1201 Gen\u00e8ve &#8211; Tel: 022 908 70 00&nbsp;&nbsp;&nbsp;&nbsp;&nbsp;&nbsp;&nbsp;&nbsp;&nbsp; <a href=\"http:\/\/www.fourseasons.com\/geneva\" target=\"_blank\" rel=\"noopener noreferrer\">http:\/\/www.fourseasons.com\/geneva<\/a><\/p>\n<p><a href=\"https:\/\/www.lehayim.ch\/wp-content\/uploads\/2011\/03\/four_season.png\"><img loading=\"lazy\" decoding=\"async\" class=\"alignleft size-thumbnail wp-image-3476\" title=\"four_season\" src=\"https:\/\/www.lehayim.ch\/wp-content\/uploads\/2011\/03\/four_season-150x150.png\" alt=\"\" width=\"150\" height=\"150\"><\/a><\/p>\n<p>&nbsp;<\/p>\n<p>&nbsp;<\/p>\n<p>&nbsp;<\/p>\n<p>&nbsp;<\/p>\n<p><strong>* <\/strong><span style=\"text-decoration: underline;\"><strong>Hotel Intercontinental<\/strong><\/span> Cuisine gastronomique &amp; Banquets.<br \/>\nChemin du Petit Saconnex, 7-9 &#8211; 1209 Gen\u00e8ve &#8211; Tel: +41 (0) 22 919 39 39 &nbsp; &nbsp; &nbsp; &nbsp; &nbsp;&nbsp; <a href=\"http:\/\/www.intercontinental-geneva.ch\" target=\"_blank\" rel=\"noopener noreferrer\">http:\/\/www.intercontinental-geneva.ch<\/a><\/p>\n<p><a href=\"https:\/\/www.lehayim.ch\/wp-content\/uploads\/2011\/03\/Restaurant-Geneve-87.jpg\"><img loading=\"lazy\" decoding=\"async\" class=\"alignleft size-thumbnail wp-image-3474\" title=\"Restaurant-Geneve-87\" src=\"https:\/\/www.lehayim.ch\/wp-content\/uploads\/2011\/03\/Restaurant-Geneve-87-150x150.jpg\" alt=\"\" width=\"150\" height=\"150\"><\/a><\/p>\n<p style=\"text-align: left;\">&nbsp;<\/p>\n<h1>&nbsp;<\/h1>\n<h1>&nbsp;<\/h1>\n<h1><strong><span style=\"color: #993300;\">Grisons\/Graub\u00fcnden<\/span><\/strong><\/h1>\n<p><strong>* <span style=\"text-decoration: underline;\">Restaurant T\u00f6di<\/span><\/strong> Cuisine traditionnelle Suisse &amp; pizzas au feu de bois.<br \/>\nDaniel Cavegn &#8211; 7165 Breil\/Brigels Tel: +41 (0) 81 941 22 53<br \/>\n<a href=\"http:\/\/www.restaurant-toedi.ch\" target=\"_blank\" rel=\"noopener noreferrer\">www.restaurant-toedi.ch<\/a><\/p>\n<p><a href=\"https:\/\/www.lehayim.ch\/wp-content\/uploads\/2011\/03\/10Rstaurant2.jpg\"><img loading=\"lazy\" decoding=\"async\" class=\"alignleft size-thumbnail wp-image-3464\" title=\"10Rstaurant2\" src=\"https:\/\/www.lehayim.ch\/wp-content\/uploads\/2011\/03\/10Rstaurant2-150x150.jpg\" alt=\"\" width=\"150\" height=\"150\"><\/a><\/p>\n<h1>&nbsp;<\/h1>\n<h1>&nbsp;<\/h1>\n<h1>&nbsp;<\/h1>\n<h1><strong><span style=\"color: #993300;\">Lausanne<\/span><\/strong><\/h1>\n<p style=\"text-align: left;\"><strong>*&nbsp;<span style=\"text-decoration: underline;\">CILV Le Restaurant <\/span><\/strong> Cuisine&nbsp; fran\u00e7aise &amp; Orientale (Kosher).<br \/>\nAvenue Georgette 3 &#8211; 1003 Lausanne &#8211; Tel: +41 (0) 21 341 72 42. &nbsp; &nbsp; &nbsp; &nbsp; &nbsp; &nbsp; &nbsp; &nbsp; &nbsp; &nbsp; &nbsp; &nbsp;&nbsp;<a href=\"http:\/\/www.cilv.ch\/\">www.cilv.ch<\/a><\/p>\n<h1 style=\"text-align: left;\"><span style=\"text-decoration: underline;\"><a href=\"https:\/\/www.lehayim.ch\/wp-content\/uploads\/2011\/03\/img11.jpg\"><img loading=\"lazy\" decoding=\"async\" title=\"img11\" src=\"https:\/\/www.lehayim.ch\/wp-content\/uploads\/2011\/03\/img11-150x150.jpg\" alt=\"\" width=\"150\" height=\"150\"><\/a><\/span><\/h1>\n<h1>&nbsp;<span style=\"color: #800000;\"><strong>Payerne<\/strong><\/span><\/h1>\n<p><strong>*C\u00f4t\u00e9 Vin <\/strong>Vinoth\u00e8que sp\u00e9cialis\u00e9e &nbsp; &nbsp; &nbsp; &nbsp; &nbsp; &nbsp; &nbsp; &nbsp; &nbsp; &nbsp; &nbsp; &nbsp; &nbsp; &nbsp; &nbsp; &nbsp; &nbsp; &nbsp; &nbsp; &nbsp; &nbsp; &nbsp; &nbsp; &nbsp; &nbsp; &nbsp; &nbsp; &nbsp; &nbsp; &nbsp; &nbsp; &nbsp; &nbsp; &nbsp; &nbsp; &nbsp; &nbsp; &nbsp; &nbsp; &nbsp; &nbsp; &nbsp; &nbsp; &nbsp;Grand Rue, 4 &#8211; 1530 Payerne &#8211; Tel:&nbsp;+41 79 342 34 12 &#8211;&nbsp;<a href=\"mailto:cotevin@bluewin.ch\">cotevin@bluewin.ch<\/a> <a href=\"http:\/\/www.cotevin.ch\/presentation.php\" target=\"_blank\" rel=\"noopener noreferrer\">www.cotevin.ch<\/a><\/p>\n<p><a href=\"https:\/\/www.lehayim.ch\/wp-content\/uploads\/2011\/03\/presentation.jpg\"><img loading=\"lazy\" decoding=\"async\" class=\"alignleft size-thumbnail wp-image-3938\" title=\"presentation\" src=\"https:\/\/www.lehayim.ch\/wp-content\/uploads\/2011\/03\/presentation-150x150.jpg\" alt=\"\" width=\"150\" height=\"150\"><\/a><\/p>\n<h1>&nbsp;<\/h1>\n<h1>&nbsp;<\/h1>\n<h1>&nbsp;<\/h1>\n<h1><strong><span style=\"color: #993300;\">Thun<\/span><\/strong><\/h1>\n<p><strong>*&nbsp; <span style=\"text-decoration: underline;\">Oelzweig<\/span><\/strong> Epicerie fine, produits isra\u00e9liens &nbsp;&nbsp;&nbsp;&nbsp;&nbsp;&nbsp;&nbsp;&nbsp;&nbsp;&nbsp;&nbsp;&nbsp;&nbsp;&nbsp;&nbsp;&nbsp;&nbsp;&nbsp;&nbsp;&nbsp;&nbsp;&nbsp;&nbsp;&nbsp;&nbsp;&nbsp;&nbsp;&nbsp;&nbsp;&nbsp;&nbsp;&nbsp;&nbsp;&nbsp;&nbsp;&nbsp;&nbsp;&nbsp;&nbsp;&nbsp;&nbsp;&nbsp;&nbsp;&nbsp;&nbsp;&nbsp;&nbsp;&nbsp;&nbsp;&nbsp;&nbsp;&nbsp;&nbsp;&nbsp;&nbsp;&nbsp;&nbsp;&nbsp;&nbsp;&nbsp;&nbsp;&nbsp;&nbsp;&nbsp;&nbsp;&nbsp;&nbsp;&nbsp;&nbsp;&nbsp;&nbsp;&nbsp;&nbsp;&nbsp;&nbsp;&nbsp;&nbsp; Obere Hauptgasse 19 &#8211;&nbsp; 3600 Thun&nbsp; &#8211; Tel: +41 (0) 79 637 37 31&nbsp;&nbsp;&nbsp;&nbsp;&nbsp;&nbsp;&nbsp;&nbsp; <a href=\"http:\/\/www.oelzweig.ch\" target=\"_blank\" rel=\"noopener noreferrer\">http:\/\/www.oelzweig.ch<\/a><\/p>\n<p><a href=\"https:\/\/www.lehayim.ch\/wp-content\/uploads\/2011\/03\/taube.jpg\"><img loading=\"lazy\" decoding=\"async\" class=\"alignleft size-thumbnail wp-image-2857\" title=\"taube\" src=\"https:\/\/www.lehayim.ch\/wp-content\/uploads\/2011\/03\/taube-150x150.jpg\" alt=\"\" width=\"150\" height=\"150\" srcset=\"https:\/\/www.lehayim.ch\/wp-content\/uploads\/2011\/03\/taube-150x150.jpg 150w, https:\/\/www.lehayim.ch\/wp-content\/uploads\/2011\/03\/taube-300x300.jpg 300w, https:\/\/www.lehayim.ch\/wp-content\/uploads\/2011\/03\/taube.jpg 416w\" sizes=\"auto, (max-width: 150px) 100vw, 150px\" \/><\/a><\/p>\n","protected":false},"excerpt":{"rendered":"<p>Adresses o\u00f9 vous pouvez go\u00fbter nos vins ou les acheter \u00e0 l&rsquo;unit\u00e9. Gen\u00e8ve * MANOR Magasin&nbsp; &nbsp; &nbsp; &nbsp; &nbsp; [&hellip;]<\/p>\n","protected":false},"author":1540,"featured_media":0,"parent":0,"menu_order":0,"comment_status":"closed","ping_status":"closed","template":"","meta":{"site-sidebar-layout":"default","site-content-layout":"","ast-site-content-layout":"default","site-content-style":"default","site-sidebar-style":"default","ast-global-header-display":"","ast-banner-title-visibility":"","ast-main-header-display":"","ast-hfb-above-header-display":"","ast-hfb-below-header-display":"","ast-hfb-mobile-header-display":"","site-post-title":"","ast-breadcrumbs-content":"","ast-featured-img":"","footer-sml-layout":"","ast-disable-related-posts":"","theme-transparent-header-meta":"","adv-header-id-meta":"","stick-header-meta":"","header-above-stick-meta":"","header-main-stick-meta":"","header-below-stick-meta":"","astra-migrate-meta-layouts":"default","ast-page-background-enabled":"default","ast-page-background-meta":{"desktop":{"background-color":"var(--ast-global-color-5)","background-image":"","background-repeat":"repeat","background-position":"center center","background-size":"auto","background-attachment":"scroll","background-type":"","background-media":"","overlay-type":"","overlay-color":"","overlay-opacity":"","overlay-gradient":""},"tablet":{"background-color":"","background-image":"","background-repeat":"repeat","background-position":"center center","background-size":"auto","background-attachment":"scroll","background-type":"","background-media":"","overlay-type":"","overlay-color":"","overlay-opacity":"","overlay-gradient":""},"mobile":{"background-color":"","background-image":"","background-repeat":"repeat","background-position":"center center","background-size":"auto","background-attachment":"scroll","background-type":"","background-media":"","overlay-type":"","overlay-color":"","overlay-opacity":"","overlay-gradient":""}},"ast-content-background-meta":{"desktop":{"background-color":"var(--ast-global-color-4)","background-image":"","background-repeat":"repeat","background-position":"center center","background-size":"auto","background-attachment":"scroll","background-type":"","background-media":"","overlay-type":"","overlay-color":"","overlay-opacity":"","overlay-gradient":""},"tablet":{"background-color":"var(--ast-global-color-4)","background-image":"","background-repeat":"repeat","background-position":"center center","background-size":"auto","background-attachment":"scroll","background-type":"","background-media":"","overlay-type":"","overlay-color":"","overlay-opacity":"","overlay-gradient":""},"mobile":{"background-color":"var(--ast-global-color-4)","background-image":"","background-repeat":"repeat","background-position":"center center","background-size":"auto","background-attachment":"scroll","background-type":"","background-media":"","overlay-type":"","overlay-color":"","overlay-opacity":"","overlay-gradient":""}},"footnotes":""},"class_list":["post-1456","page","type-page","status-publish","hentry"],"_links":{"self":[{"href":"https:\/\/www.lehayim.ch\/index.php?rest_route=\/wp\/v2\/pages\/1456","targetHints":{"allow":["GET"]}}],"collection":[{"href":"https:\/\/www.lehayim.ch\/index.php?rest_route=\/wp\/v2\/pages"}],"about":[{"href":"https:\/\/www.lehayim.ch\/index.php?rest_route=\/wp\/v2\/types\/page"}],"author":[{"embeddable":true,"href":"https:\/\/www.lehayim.ch\/index.php?rest_route=\/wp\/v2\/users\/1540"}],"replies":[{"embeddable":true,"href":"https:\/\/www.lehayim.ch\/index.php?rest_route=%2Fwp%2Fv2%2Fcomments&post=1456"}],"version-history":[{"count":112,"href":"https:\/\/www.lehayim.ch\/index.php?rest_route=\/wp\/v2\/pages\/1456\/revisions"}],"predecessor-version":[{"id":5197,"href":"https:\/\/www.lehayim.ch\/index.php?rest_route=\/wp\/v2\/pages\/1456\/revisions\/5197"}],"wp:attachment":[{"href":"https:\/\/www.lehayim.ch\/index.php?rest_route=%2Fwp%2Fv2%2Fmedia&parent=1456"}],"curies":[{"name":"wp","href":"https:\/\/api.w.org\/{rel}","templated":true}]}}