{"id":34,"date":"2010-12-20T18:51:56","date_gmt":"2010-12-20T18:51:56","guid":{"rendered":"http:\/\/lehayim.ch\/?page_id=34"},"modified":"2020-01-12T20:51:00","modified_gmt":"2020-01-12T19:51:00","slug":"livraisons","status":"publish","type":"page","link":"https:\/\/www.lehayim.ch\/?page_id=34","title":{"rendered":"Livraison"},"content":{"rendered":"<p>&nbsp;<\/p>\n<h3><span style=\"color: #993300;\"><em><strong>Conditions de Livraison en Suisse<\/strong> (avec <a href=\"http:\/\/www.post.ch\/fr\/post-startseite\/post-geschaeftskunden\/post-logistik\/post-loesungen\/post-handel-loesungen\/post-vinolog-loesungen.htm\" target=\"_blank\" rel=\"noopener noreferrer\">Vinolog Swisspost<\/a>). Vinolog est un service de la poste Suisse sp\u00e9cialis\u00e9 dans le transport et la conservation de vos bouteilles avec le maximum de soin et \u00e0 temp\u00e9rature contr\u00f4l\u00e9e.<\/em><\/span><\/h3>\n<p><span style=\"color: #993300;\"><strong>PRIX<\/strong><\/span><\/p>\n<p><span style=\"color: #000000;\">Le tarif de la poste Suisse &amp; de notre partenaire VINOLOG &nbsp;s&rsquo;applique:<\/span><\/p>\n<ul>\n<li>Caisse de 6 Bouteilles &nbsp; &nbsp; &nbsp; &nbsp; &nbsp; &nbsp; &nbsp; &nbsp; &nbsp; &nbsp; &nbsp; &nbsp; &nbsp; &nbsp; &nbsp; &nbsp; &nbsp; &nbsp; &nbsp; &nbsp; &nbsp; &nbsp; &nbsp; &nbsp; &nbsp;14.50 CHF<\/li>\n<li>Caisse de 12 Bouteilles &nbsp; &nbsp; &nbsp; &nbsp; &nbsp; &nbsp; &nbsp; &nbsp; &nbsp; &nbsp; &nbsp; &nbsp; &nbsp; &nbsp; &nbsp; &nbsp; &nbsp; &nbsp; &nbsp; &nbsp; &nbsp; &nbsp; &nbsp; &nbsp;19.50 CHF<\/li>\n<li>etc. 14.50 CHF par tranche de 6 bouteilles.<\/li>\n<li>etc. 19.50 CHF par tranche de 12 bouteilles.<\/li>\n<li>EX: pour 18bt\/34 CHF , pour 24bt\/39 CHF<\/li>\n<li>d\u00e8s 1800.- de commande &nbsp; &nbsp; &nbsp; &nbsp; &nbsp; &nbsp; &nbsp; &nbsp; &nbsp; &nbsp; &nbsp; &nbsp; &nbsp; &nbsp; &nbsp; &nbsp; &nbsp; &nbsp; &nbsp; &nbsp; &nbsp; &nbsp;Gratuit!<\/li>\n<\/ul>\n<p><span style=\"color: #993300;\"><strong> CONDITIONS<\/strong><\/span><\/p>\n<ul>\n<li>Vos commandes par caisses uniquement. Pas de vente au d\u00e9tail. Pour l&rsquo;achat \u00e0 l&rsquo;unit\u00e9, dans certains de nos points de vente, cliquez <a href=\"..\/?page_id=1456\" target=\"_blank\" rel=\"noopener noreferrer\">ici<\/a>.<\/li>\n<li><strong>Minimum de commande: 1 caisse ou 1 Coffret d\u00e9gustation. <\/strong><\/li>\n<li>D\u00e9lais 5 \u00e0 6 jours ouvrables, sauf commandes sp\u00e9ciales.<\/li>\n<li>Les factures sont payables \u00e0 r\u00e9ception, au plus tard \u00e0 10 jours nets.<\/li>\n<li>Le paiement ou un acompte peut-\u00eatre exig\u00e9 \u00e0 l&rsquo;avance.<\/li>\n<li>Livraisons autres pays: <a href=\"..\/?page_id=13\" target=\"_self\"><span style=\"color: #000000;\">nous contacter<\/span><\/a><\/li>\n<\/ul>\n<ul>\n<li><strong>Renseignements<\/strong>: +41 78 690 01 22 (Fran\u00e7ais, English, Hebrew)<\/li>\n<\/ul>\n","protected":false},"excerpt":{"rendered":"<p>&nbsp; Conditions de Livraison en Suisse (avec Vinolog Swisspost). Vinolog est un service de la poste Suisse sp\u00e9cialis\u00e9 dans le [&hellip;]<\/p>\n","protected":false},"author":1540,"featured_media":0,"parent":0,"menu_order":5,"comment_status":"closed","ping_status":"closed","template":"","meta":{"site-sidebar-layout":"default","site-content-layout":"","ast-site-content-layout":"default","site-content-style":"default","site-sidebar-style":"default","ast-global-header-display":"","ast-banner-title-visibility":"","ast-main-header-display":"","ast-hfb-above-header-display":"","ast-hfb-below-header-display":"","ast-hfb-mobile-header-display":"","site-post-title":"","ast-breadcrumbs-content":"","ast-featured-img":"","footer-sml-layout":"","ast-disable-related-posts":"","theme-transparent-header-meta":"","adv-header-id-meta":"","stick-header-meta":"","header-above-stick-meta":"","header-main-stick-meta":"","header-below-stick-meta":"","astra-migrate-meta-layouts":"default","ast-page-background-enabled":"default","ast-page-background-meta":{"desktop":{"background-color":"var(--ast-global-color-5)","background-image":"","background-repeat":"repeat","background-position":"center center","background-size":"auto","background-attachment":"scroll","background-type":"","background-media":"","overlay-type":"","overlay-color":"","overlay-opacity":"","overlay-gradient":""},"tablet":{"background-color":"","background-image":"","background-repeat":"repeat","background-position":"center center","background-size":"auto","background-attachment":"scroll","background-type":"","background-media":"","overlay-type":"","overlay-color":"","overlay-opacity":"","overlay-gradient":""},"mobile":{"background-color":"","background-image":"","background-repeat":"repeat","background-position":"center center","background-size":"auto","background-attachment":"scroll","background-type":"","background-media":"","overlay-type":"","overlay-color":"","overlay-opacity":"","overlay-gradient":""}},"ast-content-background-meta":{"desktop":{"background-color":"var(--ast-global-color-4)","background-image":"","background-repeat":"repeat","background-position":"center center","background-size":"auto","background-attachment":"scroll","background-type":"","background-media":"","overlay-type":"","overlay-color":"","overlay-opacity":"","overlay-gradient":""},"tablet":{"background-color":"var(--ast-global-color-4)","background-image":"","background-repeat":"repeat","background-position":"center center","background-size":"auto","background-attachment":"scroll","background-type":"","background-media":"","overlay-type":"","overlay-color":"","overlay-opacity":"","overlay-gradient":""},"mobile":{"background-color":"var(--ast-global-color-4)","background-image":"","background-repeat":"repeat","background-position":"center center","background-size":"auto","background-attachment":"scroll","background-type":"","background-media":"","overlay-type":"","overlay-color":"","overlay-opacity":"","overlay-gradient":""}},"footnotes":""},"class_list":["post-34","page","type-page","status-publish","hentry"],"_links":{"self":[{"href":"https:\/\/www.lehayim.ch\/index.php?rest_route=\/wp\/v2\/pages\/34","targetHints":{"allow":["GET"]}}],"collection":[{"href":"https:\/\/www.lehayim.ch\/index.php?rest_route=\/wp\/v2\/pages"}],"about":[{"href":"https:\/\/www.lehayim.ch\/index.php?rest_route=\/wp\/v2\/types\/page"}],"author":[{"embeddable":true,"href":"https:\/\/www.lehayim.ch\/index.php?rest_route=\/wp\/v2\/users\/1540"}],"replies":[{"embeddable":true,"href":"https:\/\/www.lehayim.ch\/index.php?rest_route=%2Fwp%2Fv2%2Fcomments&post=34"}],"version-history":[{"count":55,"href":"https:\/\/www.lehayim.ch\/index.php?rest_route=\/wp\/v2\/pages\/34\/revisions"}],"predecessor-version":[{"id":5726,"href":"https:\/\/www.lehayim.ch\/index.php?rest_route=\/wp\/v2\/pages\/34\/revisions\/5726"}],"wp:attachment":[{"href":"https:\/\/www.lehayim.ch\/index.php?rest_route=%2Fwp%2Fv2%2Fmedia&parent=34"}],"curies":[{"name":"wp","href":"https:\/\/api.w.org\/{rel}","templated":true}]}}