{"id":402,"date":"2011-01-03T14:46:30","date_gmt":"2011-01-03T13:46:30","guid":{"rendered":"http:\/\/www.lehayim.ch\/?page_id=402"},"modified":"2016-03-07T15:28:46","modified_gmt":"2016-03-07T14:28:46","slug":"nos-garanties","status":"publish","type":"page","link":"https:\/\/www.lehayim.ch\/?page_id=402","title":{"rendered":"Philosophie"},"content":{"rendered":"<p style=\"text-align: justify;\">La  mission de Lehayim est de r\u00e9pondre \u00e0 la demande des amateurs &amp;    connaisseurs en proposant une s\u00e9lection des meilleurs vins kosher \u00e0  des   prix d\u00e9fiant toute concurrence.<\/p>\n<p style=\"text-align: justify;\">Notre philosophie tient en 3 points tr\u00e8s simples:<\/p>\n<h2>1. Les prix les plus bas du march\u00e9<\/h2>\n<p style=\"text-align: justify;\">Unique  interm\u00e9diaire entre le producteur et le consommateur, Lehayim a un contact direct avec les vignerons et se positionne comme importateur et distributeur direct aux priv\u00e9s \u00e0 la fois. Ce choix garantit  assur\u00e9ment les prix les plus bas du march\u00e9. Pour le plus grand b\u00e9n\u00e9fice des clients. Notre mod\u00e8le d&rsquo;affaires repose sur la vente par caisses: moins de logistique donc prix encore moins chers. N&rsquo;h\u00e9sitez pas \u00e0 comparer nos prix sur les sites d\u00e9taillants en Europe!<\/p>\n<h2>2. Les certifications les plus pointues<\/h2>\n<p style=\"text-align: justify;\">&#8211; Les  vins Lehayim sont r\u00e9guli\u00e8rement import\u00e9s en Suisse et s&rsquo;acquittent de toutes les taxes l\u00e9gales de la Conf\u00e9d\u00e9ration. Ils disposent des certifications kosher les plus   strictes: OU  (orthodox union), OK Kosher, Badatz Beth Yossef, Beth Din de Paris, Otzar Beth Din Isra\u00ebl,   Rav  Rottenberg, Hatam Sofer, Rav Seckbach, Rav Frankforter, etc.<\/p>\n<p style=\"text-align: justify;\">&#8211; Tous sont Kosher LePessah (sauf mention contraire) et certains sont Mevushal.<br \/>\n&#8211; Les vins isra\u00e9liens des ann\u00e9es de Chemita (comme 2008) sont \u201cKedushat Cheviit\u201d.<br \/>\n&#8211; Plusieurs de nos vins disposent du label VEGAN-BIO et issus de l&rsquo;agriculture biologique.<\/p>\n<p style=\"text-align: justify;\">&#8211; La cave Lehayim (WINEGROUP) est sous la stricte surveillance de l\u2019OFAG (<strong>Office    F\u00e9d\u00e9ral de l\u2019Agriculture<\/strong>), de la <strong>R\u00e9gie F\u00e9d\u00e9rale des Alcools<\/strong> et du CSCV    (<strong>Contr\u00f4le Suisse du Commerce des Vins<\/strong>) sous le N\u00b0 d&rsquo;exploitation 2100059.<\/p>\n<h2>3. La qualit\u00e9 &amp; l\u2019innovation permanentes<\/h2>\n<p style=\"text-align: justify;\">Lehayim re\u00e7oit plus de 100 \u00e9chantillons par an qui sont rigoureusement test\u00e9s par un panel de connaisseurs. Et comme d\u2019une  ann\u00e9e \u00e0 l\u2019autre, un mill\u00e9sime peut avoir un ar\u00f4me diff\u00e9rent, tous les mill\u00e9simes d&rsquo;un m\u00eame vin sont \u00e9galement soumis \u00e0 la m\u00eame proc\u00e9dure. Seuls les meilleurs crus sont retenus. Il   est donc\u00a0 imp\u00e9ratif de suivre les vins et les tendances. Mais il faut   \u00e9galement  d\u00e9couvrir les nombreuses nouveaut\u00e9s, s\u00e9lectionner, \u00e9valuer puis importer ce qui se fait de mieux dans   le monde  du vin kosher. C\u2019est le travail de notre \u00e9quipe. Pour \u00e9toffer son  assortiment, Lehayim n\u00e9gocie actuellement avec des vignerons  de Bourgogne, du Rh\u00f4ne, d&rsquo;Alsace, du Bordelais, du Languedoc, d&rsquo;Espagne, d&rsquo;Argentine, d&rsquo;Italie\u00a0 et des   producteurs de vins  \u201cboutique\u201d isra\u00e9liens.\u00a0\u00a0 A suivre&#8230;<\/p>\n<h2>Conseils de d\u00e9gustation<\/h2>\n<p style=\"text-align: justify;\">Ouvrir les grands rouges une demi-heure \u00e0 une heure avant pour une pleine   lib\u00e9ration  des saveurs ; carafer  les rouges jeunes, mais non point les Bourgognes&#8230; Servir les rouges entre 16 et 18\u00b0 et les blancs, Sauternes, Ros\u00e9s, vins de dessert, mousseux et Champagnes \u00e0 8-10\u00b0. Voici des r\u00e8gles qui ne sont pas g\u00e9n\u00e9rales et qui supportent de nombreuses exceptions: il convient \u00e0 chacun d&rsquo;estimer le meilleur geste. Voici un\u00a0 <a href=\"http:\/\/www.chateauloisel.com\/etude\/temperature-vin.htm\" target=\"_blank\">lien-conseil<\/a> tr\u00e8s utile.<\/p>\n<h2 style=\"text-align: justify;\">Et aussi&#8230;<\/h2>\n<p style=\"text-align: justify;\">N&rsquo;oublions pas la sagesse populaire:<em> <\/em><\/p>\n<p style=\"text-align: justify;\"><em>\u00ab\u00a0On boit par plaisir, non pas par soif. On boit pour se souvenir  et non pas pour oublier.\u00a0\u00bb <\/em><\/p>\n<p style=\"text-align: justify;\"><em> <\/em>Lehayim! A votre sant\u00e9!<\/p>\n<p style=\"text-align: justify;\">&nbsp;<\/p>\n","protected":false},"excerpt":{"rendered":"<p>La mission de Lehayim est de r\u00e9pondre \u00e0 la demande des amateurs &amp; connaisseurs en proposant une s\u00e9lection des meilleurs [&hellip;]<\/p>\n","protected":false},"author":1540,"featured_media":0,"parent":2,"menu_order":0,"comment_status":"closed","ping_status":"closed","template":"","meta":{"site-sidebar-layout":"default","site-content-layout":"","ast-site-content-layout":"default","site-content-style":"default","site-sidebar-style":"default","ast-global-header-display":"","ast-banner-title-visibility":"","ast-main-header-display":"","ast-hfb-above-header-display":"","ast-hfb-below-header-display":"","ast-hfb-mobile-header-display":"","site-post-title":"","ast-breadcrumbs-content":"","ast-featured-img":"","footer-sml-layout":"","ast-disable-related-posts":"","theme-transparent-header-meta":"","adv-header-id-meta":"","stick-header-meta":"","header-above-stick-meta":"","header-main-stick-meta":"","header-below-stick-meta":"","astra-migrate-meta-layouts":"default","ast-page-background-enabled":"default","ast-page-background-meta":{"desktop":{"background-color":"var(--ast-global-color-5)","background-image":"","background-repeat":"repeat","background-position":"center center","background-size":"auto","background-attachment":"scroll","background-type":"","background-media":"","overlay-type":"","overlay-color":"","overlay-opacity":"","overlay-gradient":""},"tablet":{"background-color":"","background-image":"","background-repeat":"repeat","background-position":"center center","background-size":"auto","background-attachment":"scroll","background-type":"","background-media":"","overlay-type":"","overlay-color":"","overlay-opacity":"","overlay-gradient":""},"mobile":{"background-color":"","background-image":"","background-repeat":"repeat","background-position":"center center","background-size":"auto","background-attachment":"scroll","background-type":"","background-media":"","overlay-type":"","overlay-color":"","overlay-opacity":"","overlay-gradient":""}},"ast-content-background-meta":{"desktop":{"background-color":"var(--ast-global-color-4)","background-image":"","background-repeat":"repeat","background-position":"center center","background-size":"auto","background-attachment":"scroll","background-type":"","background-media":"","overlay-type":"","overlay-color":"","overlay-opacity":"","overlay-gradient":""},"tablet":{"background-color":"var(--ast-global-color-4)","background-image":"","background-repeat":"repeat","background-position":"center center","background-size":"auto","background-attachment":"scroll","background-type":"","background-media":"","overlay-type":"","overlay-color":"","overlay-opacity":"","overlay-gradient":""},"mobile":{"background-color":"var(--ast-global-color-4)","background-image":"","background-repeat":"repeat","background-position":"center center","background-size":"auto","background-attachment":"scroll","background-type":"","background-media":"","overlay-type":"","overlay-color":"","overlay-opacity":"","overlay-gradient":""}},"footnotes":""},"class_list":["post-402","page","type-page","status-publish","hentry"],"_links":{"self":[{"href":"https:\/\/www.lehayim.ch\/index.php?rest_route=\/wp\/v2\/pages\/402","targetHints":{"allow":["GET"]}}],"collection":[{"href":"https:\/\/www.lehayim.ch\/index.php?rest_route=\/wp\/v2\/pages"}],"about":[{"href":"https:\/\/www.lehayim.ch\/index.php?rest_route=\/wp\/v2\/types\/page"}],"author":[{"embeddable":true,"href":"https:\/\/www.lehayim.ch\/index.php?rest_route=\/wp\/v2\/users\/1540"}],"replies":[{"embeddable":true,"href":"https:\/\/www.lehayim.ch\/index.php?rest_route=%2Fwp%2Fv2%2Fcomments&post=402"}],"version-history":[{"count":26,"href":"https:\/\/www.lehayim.ch\/index.php?rest_route=\/wp\/v2\/pages\/402\/revisions"}],"predecessor-version":[{"id":4414,"href":"https:\/\/www.lehayim.ch\/index.php?rest_route=\/wp\/v2\/pages\/402\/revisions\/4414"}],"up":[{"embeddable":true,"href":"https:\/\/www.lehayim.ch\/index.php?rest_route=\/wp\/v2\/pages\/2"}],"wp:attachment":[{"href":"https:\/\/www.lehayim.ch\/index.php?rest_route=%2Fwp%2Fv2%2Fmedia&parent=402"}],"curies":[{"name":"wp","href":"https:\/\/api.w.org\/{rel}","templated":true}]}}