{"id":407,"date":"2011-01-03T14:49:32","date_gmt":"2011-01-03T13:49:32","guid":{"rendered":"http:\/\/www.lehayim.ch\/?page_id=407"},"modified":"2016-10-06T09:24:46","modified_gmt":"2016-10-06T08:24:46","slug":"la-societe","status":"publish","type":"page","link":"https:\/\/www.lehayim.ch\/?page_id=407","title":{"rendered":"Qui nous sommes?"},"content":{"rendered":"<p style=\"text-align: justify;\"><strong><em>\u00abLa   personne la plus importante dans le vin c\u2019est celui qui le boit, et   cette personne-l\u00e0, elle \u00e9volue dans ses habitudes, donc il faut savoir   la s\u00e9duire.\u00bb<\/em><\/strong><em> Jean-Claude Mas, cr\u00e9ateur d&rsquo;assemblages suisses.<\/em><\/p>\n<p style=\"text-align: justify;\">Nous sommes une petite soci\u00e9t\u00e9.<\/p>\n<p style=\"text-align: justify;\">Qui est  n\u00e9e d\u2019une rencontre magique entre quelques passionn\u00e9s de bons vins,  soucieux de faire d\u00e9couvrir avec succ\u00e8s des crus d\u2019exception aux  plus sceptiques&#8230; Ce qui fait que quiconque se met en qu\u00eate d\u2019un vin de qualit\u00e9, arrive t\u00f4t ou tard chez nous.<\/p>\n<p style=\"text-align: justify;\">Nous ne  faisons pas de publicit\u00e9 avec de grandes annonces, nous comptons sur le  bouche \u00e0 oreille \u00e0 propos de la qualit\u00e9 de nos vins. Nous  entretenons des contacts privil\u00e9gi\u00e9s avec nos producteurs, et quelques  uns, qui jouissent aujourd\u2019hui d\u2019une grande renomm\u00e9e, ont trouv\u00e9 en nous  leur premier importateur en Suisse.<\/p>\n<p style=\"text-align: justify;\">Nos  clients, qui sont pour la plupart nos amis, b\u00e9n\u00e9ficient d\u2019un service  hors pair o\u00f9 le conseil personnalis\u00e9, la confiance et des prix tr\u00e8s  attractifs sont les ma\u00eetre-mots.<\/p>\n<p style=\"text-align: justify;\">Dipl\u00f4mes  et m\u00e9dailles sont peu importants pour nous. C\u2019est seulement lorsque  nous avons l\u2019approbation de nos clients que nous sommes satisfaits. Et c\u2019est parfois \u00e0 leur demande que nous accueillons un nouveau tr\u00e9sor dans notre cave.<\/p>\n<p style=\"text-align: justify;\">Ce site est d\u00e9di\u00e9 aux amoureux du vin, connaisseurs et amateurs. Il a \u00e9t\u00e9 con\u00e7u pour le partage d&rsquo;id\u00e9es et d&rsquo;informations dans un domaine qui \u00e9volue en permanence: n&rsquo;h\u00e9sitez\u00a0 pas \u00e0 laisser vos commentaires et \u00e0 nous faire part de vos d\u00e9couvertes.<\/p>\n<p style=\"text-align: justify;\">Alors, Sant\u00e9!<\/p>\n<p style=\"text-align: justify;\"><strong>Qui?<\/strong><\/p>\n<p style=\"text-align: justify;\"><em>Lehayim est une famille<\/em><em>, voici ceux qui l&rsquo;animent au quotidien:<\/em><strong><br \/>\n<\/strong><\/p>\n<p style=\"text-align: justify;\"><em><strong><a href=\"https:\/\/www.lehayim.ch\/wp-content\/uploads\/2011\/01\/IMG_4050lehaym_wizo_gva2011-copie.jpg\"><img loading=\"lazy\" decoding=\"async\" class=\"alignleft size-medium wp-image-2595\" title=\"IMG_4050lehaym_wizo_gva2011 - copie\" src=\"https:\/\/www.lehayim.ch\/wp-content\/uploads\/2011\/01\/IMG_4050lehaym_wizo_gva2011-copie-200x300.jpg\" alt=\"\" width=\"200\" height=\"300\" srcset=\"https:\/\/www.lehayim.ch\/wp-content\/uploads\/2011\/01\/IMG_4050lehaym_wizo_gva2011-copie-200x300.jpg 200w, https:\/\/www.lehayim.ch\/wp-content\/uploads\/2011\/01\/IMG_4050lehaym_wizo_gva2011-copie-682x1024.jpg 682w, https:\/\/www.lehayim.ch\/wp-content\/uploads\/2011\/01\/IMG_4050lehaym_wizo_gva2011-copie.jpg 1000w\" sizes=\"auto, (max-width: 200px) 100vw, 200px\" \/><\/a>David Ouanounou<\/strong>, CEO,\u00a0 est sociologue et ethnologue de formation, sp\u00e9cialis\u00e9 dans les rituels initiatiques. Apr\u00e8s un long parcours au service d&rsquo;institutions publiques et priv\u00e9es de jeunesse &amp; de loisirs, en France et en Suisse, il enseigne actuellement les sciences humaines dans les \u00e9coles publiques du postobligatoire \u00e0 Lausanne et Gen\u00e8ve. Passionn\u00e9 par les voyages exotiques, il a parcouru l&rsquo;Inde, le Sri-Lanka, le Laos, la Tha\u00eflande, le Kenya et la Tanzanie. Mais aussi la France et la Suisse\u00a0 qu&rsquo;il aime d\u00e9couvrir \u00e0 chaque occasion. F\u00e9ru de gastronomie et d&rsquo;oenologie il a suivi les s\u00e9minaires de l&rsquo;Ecole d&rsquo;Ing\u00e9nieurs de Changins (Vaud) dans la section \u00ab\u00a0Ecole du vin\u00a0\u00bb. <span style=\"color: #ffffff;\">Son r\u00eave? Produire, enfin, un cru kosher d&rsquo;exception dans le vignoble suisse et davantage faire conna\u00eetre la qualit\u00e9 des vins suisses \u00e0 travers le monde. A suivre..<\/span><\/em><\/p>\n<p style=\"text-align: justify;\"><em><span style=\"color: #ffffff;\"> <\/span><strong>Et bien d&rsquo;autre<\/strong>s: vignerons, producteurs, oenologues, conseillers, Restaurateurs, h\u00f4teliers, cavistes, clients-prescripteurs, logisticiens, transporteurs, graphistes, informaticiens et, bien-s\u00fbr, vous!<\/em><\/p>\n<p style=\"text-align: justify;\"><a href=\"https:\/\/www.lehayim.ch\/?page_id=402\" target=\"_self\">Notre philosophie<\/a><\/p>\n<p style=\"text-align: justify;\">&nbsp;<\/p>\n","protected":false},"excerpt":{"rendered":"<p>\u00abLa personne la plus importante dans le vin c\u2019est celui qui le boit, et cette personne-l\u00e0, elle \u00e9volue dans ses [&hellip;]<\/p>\n","protected":false},"author":1540,"featured_media":0,"parent":2,"menu_order":0,"comment_status":"closed","ping_status":"closed","template":"","meta":{"site-sidebar-layout":"default","site-content-layout":"","ast-site-content-layout":"default","site-content-style":"default","site-sidebar-style":"default","ast-global-header-display":"","ast-banner-title-visibility":"","ast-main-header-display":"","ast-hfb-above-header-display":"","ast-hfb-below-header-display":"","ast-hfb-mobile-header-display":"","site-post-title":"","ast-breadcrumbs-content":"","ast-featured-img":"","footer-sml-layout":"","ast-disable-related-posts":"","theme-transparent-header-meta":"","adv-header-id-meta":"","stick-header-meta":"","header-above-stick-meta":"","header-main-stick-meta":"","header-below-stick-meta":"","astra-migrate-meta-layouts":"default","ast-page-background-enabled":"default","ast-page-background-meta":{"desktop":{"background-color":"var(--ast-global-color-5)","background-image":"","background-repeat":"repeat","background-position":"center center","background-size":"auto","background-attachment":"scroll","background-type":"","background-media":"","overlay-type":"","overlay-color":"","overlay-opacity":"","overlay-gradient":""},"tablet":{"background-color":"","background-image":"","background-repeat":"repeat","background-position":"center center","background-size":"auto","background-attachment":"scroll","background-type":"","background-media":"","overlay-type":"","overlay-color":"","overlay-opacity":"","overlay-gradient":""},"mobile":{"background-color":"","background-image":"","background-repeat":"repeat","background-position":"center center","background-size":"auto","background-attachment":"scroll","background-type":"","background-media":"","overlay-type":"","overlay-color":"","overlay-opacity":"","overlay-gradient":""}},"ast-content-background-meta":{"desktop":{"background-color":"var(--ast-global-color-4)","background-image":"","background-repeat":"repeat","background-position":"center center","background-size":"auto","background-attachment":"scroll","background-type":"","background-media":"","overlay-type":"","overlay-color":"","overlay-opacity":"","overlay-gradient":""},"tablet":{"background-color":"var(--ast-global-color-4)","background-image":"","background-repeat":"repeat","background-position":"center center","background-size":"auto","background-attachment":"scroll","background-type":"","background-media":"","overlay-type":"","overlay-color":"","overlay-opacity":"","overlay-gradient":""},"mobile":{"background-color":"var(--ast-global-color-4)","background-image":"","background-repeat":"repeat","background-position":"center center","background-size":"auto","background-attachment":"scroll","background-type":"","background-media":"","overlay-type":"","overlay-color":"","overlay-opacity":"","overlay-gradient":""}},"footnotes":""},"class_list":["post-407","page","type-page","status-publish","hentry"],"_links":{"self":[{"href":"https:\/\/www.lehayim.ch\/index.php?rest_route=\/wp\/v2\/pages\/407","targetHints":{"allow":["GET"]}}],"collection":[{"href":"https:\/\/www.lehayim.ch\/index.php?rest_route=\/wp\/v2\/pages"}],"about":[{"href":"https:\/\/www.lehayim.ch\/index.php?rest_route=\/wp\/v2\/types\/page"}],"author":[{"embeddable":true,"href":"https:\/\/www.lehayim.ch\/index.php?rest_route=\/wp\/v2\/users\/1540"}],"replies":[{"embeddable":true,"href":"https:\/\/www.lehayim.ch\/index.php?rest_route=%2Fwp%2Fv2%2Fcomments&post=407"}],"version-history":[{"count":41,"href":"https:\/\/www.lehayim.ch\/index.php?rest_route=\/wp\/v2\/pages\/407\/revisions"}],"predecessor-version":[{"id":4772,"href":"https:\/\/www.lehayim.ch\/index.php?rest_route=\/wp\/v2\/pages\/407\/revisions\/4772"}],"up":[{"embeddable":true,"href":"https:\/\/www.lehayim.ch\/index.php?rest_route=\/wp\/v2\/pages\/2"}],"wp:attachment":[{"href":"https:\/\/www.lehayim.ch\/index.php?rest_route=%2Fwp%2Fv2%2Fmedia&parent=407"}],"curies":[{"name":"wp","href":"https:\/\/api.w.org\/{rel}","templated":true}]}}